{"id":878,"date":"2025-12-23T13:56:00","date_gmt":"2025-12-23T10:56:00","guid":{"rendered":"https:\/\/study-medicine.ng\/?page_id=878"},"modified":"2026-04-22T11:25:13","modified_gmt":"2026-04-22T08:25:13","slug":"admissions","status":"publish","type":"page","link":"https:\/\/study-medicine.ng\/fr\/admissions\/","title":{"rendered":"Pour les candidats"},"content":{"rendered":"\n<section class=\"breadcrumbs\" aria-label=\"breadcrumbs\">\n  <div class=\"container\">\n    <ul class=\"breadcrumbs__list\">\n      <li class=\"breadcrumbs__item\">\n        <a href=\"\/en\/\" class=\"breadcrumbs__link\">Accueil<\/a>\n      <\/li>\n      <li class=\"breadcrumbs__item\">\n        <a href=\"#\" class=\"breadcrumbs__link\">Pour les candidats<\/a>\n      <\/li>\n    <\/ul>\n  <\/div>\n<\/section>\n\n<div class=\"page-header\">\n  <div class=\"container\">\n    <h1 class=\"page-title\">Pour les candidats<\/h1>\n  <\/div>\n<\/div>\n\n<section class=\"banner banner_margin-bottom\">\n  <div class=\"container\">\n    <div class=\"banner__item\">\n      <picture class=\"banner__overlay-wrapper\">\n        <source \n          media=\"(max-width: 767px)\" \n          srcset=\"\/wp-content\/themes\/se4\/images\/photos\/admissions-banner-1-mobile.webp 1x,\n                  \/wp-content\/themes\/se4\/images\/photos\/admissions-banner-1-mobile@2x.webp 2x\"\n          type=\"image\/webp\">\n        <source \n          media=\"(min-width: 768px)\" \n          srcset=\"\/wp-content\/themes\/se4\/images\/photos\/admissions-banner-1-desktop.webp 1x,\n                  \/wp-content\/themes\/se4\/images\/photos\/admissions-banner-1-desktop@2x.webp 2x\"\n          type=\"image\/webp\">\n        <img decoding=\"async\" \n          class=\"banner__image image-cover\" \n          src=\"\/wp-content\/themes\/se4\/images\/photos\/admissions-banner-1-desktop.webp\" \n          alt=\"L\u2019Universit\u00e9 Setchenov est un centre d\u2019\u00e9ducation de premier plan\"\n          loading=\"eager\"\n          fetchpriority=\"high\"\n          width=\"554\"\n          height=\"530\">\n      <\/picture>\n      <div class=\"banner__content\">\n        <h2 class=\"banner__title\">\n        Postuler \u00e0 l\u2019Universit\u00e9 Setchenov \u2014 une \u00e9tape vers une carri\u00e8re m\u00e9dicale internationale\n        <\/h2>\n        <p class=\"banner__text\">\n          Vous r\u00eavez d\u2019\u00e9tudier la m\u00e9decine \u00e0 l\u2019\u00e9tranger ? L\u2019Universit\u00e9 Setchenov propose aux candidats de Tunisie, d\u2019Alg\u00e9rie, du Maroc et d\u2019autres pays un processus d\u2019admission simple et clair. Nous vous accompagnons \u00e0 chaque \u00e9tape \u2014 de la soumission des documents jusqu\u2019au d\u00e9but de vos \u00e9tudes \u2014 afin que votre parcours vers la profession choisie soit facile et confortable.\n        <\/p>\n      <\/div>\n    <\/div>\n  <\/div>\n<\/section>\n\n<section class=\"section--px-large section--py-large official-links\">\n  <div class=\"container section__container\">\n    <div class=\"official-links__wrapper\">\n      <div class=\"official-links__left\">\n        <a href=\"https:\/\/sechenov.co.za\/fr\/\" class=\"official-links__item\" target=\"_blank\" rel=\"noopener\">\n          <picture class=\"hover-blend-overlay official-links__image-wrapper\">\n            <source media=\"(max-width: 768px)\" srcset=\"\/wp-content\/themes\/se4\/images\/photos\/student-life-mobile.webp\">\n            <img decoding=\"async\" class=\"official-links__image image-cover\" src=\"\/wp-content\/themes\/se4\/images\/photos\/student-life.webp\"\n              aria-label=\"\u00c9tudier \u00e0 l\u2019Universit\u00e9 Setchenov\" \/>\n          <\/picture>\n          <div class=\"official-links__content\">\n            <div class=\"official-links__text\">\n              Le site officiel de l\u2019Universit\u00e9 Setchenov, repr\u00e9sent\u00e9 en Tunisie, en Alg\u00e9rie et au Maroc\n            <\/div>\n            <div class=\"official-links__link external-link\">\nSite officiel de l\u2019Universit\u00e9 Setchenov pour l\u2019Afrique\n            <\/div>\n          <\/div>\n        <\/a>\n        <a href=\"https:\/\/sechenov.africa\/fr\/\" class=\"official-links__item\" target=\"_blank\" rel=\"noopener\">\n          <picture class=\"hover-blend-overlay official-links__image-wrapper\">\n            <source media=\"(max-width: 768px)\" srcset=\"\/wp-content\/themes\/se4\/images\/photos\/training-program-mobile.webp\">\n            <img decoding=\"async\" class=\"official-links__image image-cover\" src=\"\/wp-content\/themes\/se4\/images\/photos\/training-program.webp\"\n              aria-label=\"Vie \u00e0 l\u2019Universit\u00e9 Setchenov\" \/>\n          <\/picture>\n          <div class=\"official-links__content\">\n            <div class=\"official-links__text\">\n              Informations sur l\u2019adaptation \u00e0 la vie et aux \u00e9tudes \u00e0 Moscou, ainsi que des t\u00e9moignages r\u00e9els d\u2019\u00e9tudiants et de dipl\u00f4m\u00e9s.\n            <\/div>\n            <div class=\"official-links__link external-link\">\n              Vie \u00e0 l\u2019Universit\u00e9 Setchenov\n            <\/div>\n          <\/div>\n        <\/a>\n      <\/div>\n      <a href=\"https:\/\/international.sechenov.ru\/en\" class=\"official-links__right official-links__item\" target=\"_blank\"\n        rel=\"noopener\">\n        <picture class=\"hover-blend-overlay official-links__image-wrapper\">\n          <source media=\"(max-width: 768px)\" srcset=\"\/wp-content\/themes\/se4\/images\/photos\/official-site-mobile.webp\">\n          <img decoding=\"async\" class=\"official-links__image image-cover\" src=\"\/wp-content\/themes\/se4\/images\/photos\/official-site.webp\"\n            aria-label=\"Portail d\u2019information\" \/>\n        <\/picture>\n        <div class=\"official-links__content\">\n          <div class=\"official-links__text official-links__text-dark\">\n        Nous vous invitons \u00e0 visiter le site officiel de l\u2019Universit\u00e9 Setchenov en Russie ! Vous pouvez obtenir des informations sur l\u2019admission via le Portail d\u2019information pour les candidats internationaux.\n          <\/div>\n          <div class=\"official-links__link external-link external-link_white\">\n            Portail d\u2019information \n          <\/div>\n        <\/div>\n      <\/a>\n    <\/div>\n  <\/div>\n<\/section>\n\n<section class=\"content-cms\">\n  <div class=\"container\">\n    <div class=\"block\">\n      <h2>Pour les candidats de Tunisie, d\u2019Alg\u00e9rie et du Maroc<\/h2>\n      <p>Pour postuler, il suffit de remplir une demande en ligne et de soumettre des copies de votre dipl\u00f4me et de votre passeport. Notre \u00e9quipe vous accompagnera \u00e0 chaque \u00e9tape \u2014 de la consultation jusqu\u2019\u00e0 l\u2019obtention du visa et l\u2019inscription.\n      <\/p>\n<h4>Frais de scolarit\u00e9 et assistance pour le visa<\/h4>\n\n <p>Les frais de scolarit\u00e9 d\u00e9pendent du programme choisi (Licence, Master ou R\u00e9sidence). L\u2019universit\u00e9 offre un accompagnement complet pour l\u2019obtention d\u2019un visa \u00e9tudiant pour la Russie et aide \u00e9galement pour le logement et l\u2019adaptation.<\/p>\n\n<p> Les \u00e9tudiants de Tunisie, d\u2019Alg\u00e9rie et du Maroc s\u2019adaptent rapidement \u00e0 la vie \u00e0 l\u2019Universit\u00e9 Setchenov et s\u2019y sentent chez eux. Nous offrons un accompagnement en anglais, aidons les \u00e9tudiants \u00e0 s\u2019int\u00e9grer dans un nouvel environnement culturel et les invitons \u00e0 rejoindre notre communaut\u00e9 internationale chaleureuse, o\u00f9 les nouveaux amis sont toujours les bienvenus. <\/p>\n\n<p>L\u2019Universit\u00e9 propose des programmes MBBS enseign\u00e9s en anglais, ce qui rend les \u00e9tudes confortables pour les \u00e9tudiants de Tunisie, d\u2019Alg\u00e9rie et du Maroc :<\/p>\n      <ul>\n        <li>M\u00e9decine g\u00e9n\u00e9rale\n        <\/li>\n        <li>Dentisterie<\/li>\n        <li>Pharmacie<\/li>\n      <\/ul>\n\n      <p>\n        Pour poursuivre une carri\u00e8re acad\u00e9mique, les \u00e9tudiants internationaux peuvent choisir :\n      <\/p>\n      <div>\n        <div class=\"list-header\">\n          Programmes de master :\n        <\/div>\n        <ul>\n          <li>Sant\u00e9 publique (sp\u00e9cialisation en \u00e9pid\u00e9miologie)\n          <\/li>\n          <li>Biologie (sp\u00e9cialisation en m\u00e9dicaments innovants)\n          <\/li>\n          <li>Biotechnologie (sp\u00e9cialisation en \u00e9cologie pharmaceutique)<\/li>\n        <\/ul>\n      <\/div>\n      <div>\n        <div class=\"list-header\">\n          Programmes de troisi\u00e8me cycle :\n        <\/div>\n        <ul>\n          <li>Doctorat (PhD)<\/li>\n          <li>R\u00e9sidence clinique<\/li>\n        <\/ul>\n      <\/div>\n      <blockquote>\n        <p>\n          L\u2019universit\u00e9 propose \u00e9galement un cours pr\u00e9paratoire o\u00f9 les \u00e9tudiants \u00e9tudient le russe, la biologie, la chimie et la physique. Ces cours aident \u00e0 se pr\u00e9parer aux programmes enseign\u00e9s en russe (optionnel) et facilitent l\u2019adaptation \u00e0 la vie et aux \u00e9tudes en Russie.\n        <\/p>\n      <\/blockquote>\n    <\/div>\n    <div class=\"block\">\n      \n    <\/div>\n  <\/div>\n<\/section>\n","protected":false},"excerpt":{"rendered":"<p>Accueil Pour les candidats Pour les candidats Postuler \u00e0 l\u2019Universit\u00e9 Setchenov \u2014 une \u00e9tape vers une carri\u00e8re m\u00e9dicale internationale Vous r\u00eavez d\u2019\u00e9tudier la m\u00e9decine \u00e0 l\u2019\u00e9tranger ? L\u2019Universit\u00e9 Setchenov propose aux candidats de Tunisie, d\u2019Alg\u00e9rie, du Maroc et d\u2019autres pays un processus d\u2019admission simple et clair. Nous vous accompagnons \u00e0 chaque \u00e9tape \u2014 de la [&hellip;]<\/p>\n","protected":false},"author":1,"featured_media":0,"parent":0,"menu_order":0,"comment_status":"closed","ping_status":"closed","template":"template-static.php","meta":{"footnotes":""},"class_list":["post-878","page","type-page","status-publish","hentry"],"yoast_head":"<!-- This site is optimized with the Yoast SEO plugin v26.5 - https:\/\/yoast.com\/wordpress\/plugins\/seo\/ -->\n<title>Admission \u00e0 l\u2019Universit\u00e9 Setchenov \u2014 M\u00e9decine<\/title>\n<meta name=\"description\" content=\"Guide d\u2019admission \u00e9tape par \u00e9tape \u00e0 l\u2019Universit\u00e9 Setchenov pour les \u00e9tudiants de Tunisie, d\u2019Alg\u00e9rie et du Maroc. Conditions d\u2019admission et dates limites\" \/>\n<meta name=\"robots\" content=\"index, follow, max-snippet:-1, max-image-preview:large, max-video-preview:-1\" \/>\n<link rel=\"canonical\" href=\"https:\/\/study-medicine.ng\/fr\/admissions\/\" \/>\n<meta property=\"og:locale\" content=\"fr_FR\" \/>\n<meta property=\"og:type\" content=\"article\" \/>\n<meta property=\"og:title\" content=\"Admission \u00e0 l\u2019Universit\u00e9 Setchenov \u2014 M\u00e9decine\" \/>\n<meta property=\"og:description\" content=\"Guide d\u2019admission \u00e9tape par \u00e9tape \u00e0 l\u2019Universit\u00e9 Setchenov pour les \u00e9tudiants de Tunisie, d\u2019Alg\u00e9rie et du Maroc. Conditions d\u2019admission et dates limites\" \/>\n<meta property=\"og:url\" content=\"https:\/\/study-medicine.ng\/fr\/admissions\/\" \/>\n<meta property=\"og:site_name\" content=\"Sechenov University Africa\" \/>\n<meta property=\"article:modified_time\" content=\"2026-04-22T08:25:13+00:00\" \/>\n<meta name=\"twitter:card\" content=\"summary_large_image\" \/>\n<meta name=\"twitter:label1\" content=\"Dur\u00e9e de lecture estim\u00e9e\" \/>\n\t<meta name=\"twitter:data1\" content=\"3 minutes\" \/>\n<script type=\"application\/ld+json\" class=\"yoast-schema-graph\">{\"@context\":\"https:\/\/schema.org\",\"@graph\":[{\"@type\":\"WebPage\",\"@id\":\"https:\/\/study-medicine.ng\/fr\/admissions\/\",\"url\":\"https:\/\/study-medicine.ng\/fr\/admissions\/\",\"name\":\"Admission \u00e0 l\u2019Universit\u00e9 Setchenov \u2014 M\u00e9decine\",\"isPartOf\":{\"@id\":\"https:\/\/study-medicine.ng\/en\/#website\"},\"datePublished\":\"2025-12-23T10:56:00+00:00\",\"dateModified\":\"2026-04-22T08:25:13+00:00\",\"description\":\"Guide d\u2019admission \u00e9tape par \u00e9tape \u00e0 l\u2019Universit\u00e9 Setchenov pour les \u00e9tudiants de Tunisie, d\u2019Alg\u00e9rie et du Maroc. Conditions d\u2019admission et dates limites\",\"breadcrumb\":{\"@id\":\"https:\/\/study-medicine.ng\/fr\/admissions\/#breadcrumb\"},\"inLanguage\":\"fr-FR\",\"potentialAction\":[{\"@type\":\"ReadAction\",\"target\":[\"https:\/\/study-medicine.ng\/fr\/admissions\/\"]}]},{\"@type\":\"BreadcrumbList\",\"@id\":\"https:\/\/study-medicine.ng\/fr\/admissions\/#breadcrumb\",\"itemListElement\":[{\"@type\":\"ListItem\",\"position\":1,\"name\":\"\u0413\u043b\u0430\u0432\u043d\u0430\u044f \u0441\u0442\u0440\u0430\u043d\u0438\u0446\u0430\",\"item\":\"https:\/\/study-medicine.ng\/fr\/\"},{\"@type\":\"ListItem\",\"position\":2,\"name\":\"Pour les candidats\"}]},{\"@type\":\"WebSite\",\"@id\":\"https:\/\/study-medicine.ng\/en\/#website\",\"url\":\"https:\/\/study-medicine.ng\/en\/\",\"name\":\"Sechenov University Africa\",\"description\":\"\",\"potentialAction\":[{\"@type\":\"SearchAction\",\"target\":{\"@type\":\"EntryPoint\",\"urlTemplate\":\"https:\/\/study-medicine.ng\/en\/?s={search_term_string}\"},\"query-input\":{\"@type\":\"PropertyValueSpecification\",\"valueRequired\":true,\"valueName\":\"search_term_string\"}}],\"inLanguage\":\"fr-FR\"}]}<\/script>\n<!-- \/ Yoast SEO plugin. -->","yoast_head_json":{"title":"Admission \u00e0 l\u2019Universit\u00e9 Setchenov \u2014 M\u00e9decine","description":"Guide d\u2019admission \u00e9tape par \u00e9tape \u00e0 l\u2019Universit\u00e9 Setchenov pour les \u00e9tudiants de Tunisie, d\u2019Alg\u00e9rie et du Maroc. Conditions d\u2019admission et dates limites","robots":{"index":"index","follow":"follow","max-snippet":"max-snippet:-1","max-image-preview":"max-image-preview:large","max-video-preview":"max-video-preview:-1"},"canonical":"https:\/\/study-medicine.ng\/fr\/admissions\/","og_locale":"fr_FR","og_type":"article","og_title":"Admission \u00e0 l\u2019Universit\u00e9 Setchenov \u2014 M\u00e9decine","og_description":"Guide d\u2019admission \u00e9tape par \u00e9tape \u00e0 l\u2019Universit\u00e9 Setchenov pour les \u00e9tudiants de Tunisie, d\u2019Alg\u00e9rie et du Maroc. Conditions d\u2019admission et dates limites","og_url":"https:\/\/study-medicine.ng\/fr\/admissions\/","og_site_name":"Sechenov University Africa","article_modified_time":"2026-04-22T08:25:13+00:00","twitter_card":"summary_large_image","twitter_misc":{"Dur\u00e9e de lecture estim\u00e9e":"3 minutes"},"schema":{"@context":"https:\/\/schema.org","@graph":[{"@type":"WebPage","@id":"https:\/\/study-medicine.ng\/fr\/admissions\/","url":"https:\/\/study-medicine.ng\/fr\/admissions\/","name":"Admission \u00e0 l\u2019Universit\u00e9 Setchenov \u2014 M\u00e9decine","isPartOf":{"@id":"https:\/\/study-medicine.ng\/en\/#website"},"datePublished":"2025-12-23T10:56:00+00:00","dateModified":"2026-04-22T08:25:13+00:00","description":"Guide d\u2019admission \u00e9tape par \u00e9tape \u00e0 l\u2019Universit\u00e9 Setchenov pour les \u00e9tudiants de Tunisie, d\u2019Alg\u00e9rie et du Maroc. Conditions d\u2019admission et dates limites","breadcrumb":{"@id":"https:\/\/study-medicine.ng\/fr\/admissions\/#breadcrumb"},"inLanguage":"fr-FR","potentialAction":[{"@type":"ReadAction","target":["https:\/\/study-medicine.ng\/fr\/admissions\/"]}]},{"@type":"BreadcrumbList","@id":"https:\/\/study-medicine.ng\/fr\/admissions\/#breadcrumb","itemListElement":[{"@type":"ListItem","position":1,"name":"\u0413\u043b\u0430\u0432\u043d\u0430\u044f \u0441\u0442\u0440\u0430\u043d\u0438\u0446\u0430","item":"https:\/\/study-medicine.ng\/fr\/"},{"@type":"ListItem","position":2,"name":"Pour les candidats"}]},{"@type":"WebSite","@id":"https:\/\/study-medicine.ng\/en\/#website","url":"https:\/\/study-medicine.ng\/en\/","name":"Sechenov University Africa","description":"","potentialAction":[{"@type":"SearchAction","target":{"@type":"EntryPoint","urlTemplate":"https:\/\/study-medicine.ng\/en\/?s={search_term_string}"},"query-input":{"@type":"PropertyValueSpecification","valueRequired":true,"valueName":"search_term_string"}}],"inLanguage":"fr-FR"}]}},"_links":{"self":[{"href":"https:\/\/study-medicine.ng\/fr\/wp-json\/wp\/v2\/pages\/878","targetHints":{"allow":["GET"]}}],"collection":[{"href":"https:\/\/study-medicine.ng\/fr\/wp-json\/wp\/v2\/pages"}],"about":[{"href":"https:\/\/study-medicine.ng\/fr\/wp-json\/wp\/v2\/types\/page"}],"author":[{"embeddable":true,"href":"https:\/\/study-medicine.ng\/fr\/wp-json\/wp\/v2\/users\/1"}],"replies":[{"embeddable":true,"href":"https:\/\/study-medicine.ng\/fr\/wp-json\/wp\/v2\/comments?post=878"}],"version-history":[{"count":3,"href":"https:\/\/study-medicine.ng\/fr\/wp-json\/wp\/v2\/pages\/878\/revisions"}],"predecessor-version":[{"id":940,"href":"https:\/\/study-medicine.ng\/fr\/wp-json\/wp\/v2\/pages\/878\/revisions\/940"}],"wp:attachment":[{"href":"https:\/\/study-medicine.ng\/fr\/wp-json\/wp\/v2\/media?parent=878"}],"curies":[{"name":"wp","href":"https:\/\/api.w.org\/{rel}","templated":true}]}}