{"id":873,"date":"2025-12-23T13:17:29","date_gmt":"2025-12-23T10:17:29","guid":{"rendered":"https:\/\/study-medicine.ng\/?page_id=873"},"modified":"2026-03-10T23:57:49","modified_gmt":"2026-03-10T20:57:49","slug":"about","status":"publish","type":"page","link":"https:\/\/study-medicine.ng\/fr\/about\/","title":{"rendered":"\u00c0 propos de l\u2019universit\u00e9"},"content":{"rendered":"\n<section class=\"breadcrumbs\" aria-label=\"breadcrumbs\">\n  <div class=\"container\">\n    <ul class=\"breadcrumbs__list\">\n      <li class=\"breadcrumbs__item\">\n        <a href=\"\/en\/\" class=\"breadcrumbs__link\">Accueil<\/a>\n      <\/li>\n      <li class=\"breadcrumbs__item\">\n        <a href=\"#\" class=\"breadcrumbs__link\">\u00c0 propos de l\u2019universit\u00e9<\/a>\n      <\/li>\n    <\/ul>\n  <\/div>\n<\/section>\n\n\n<div class=\"page-header\">\n  <div class=\"container\">\n    <h1 class=\"page-title\">\u00c0 propos de l\u2019universit\u00e9<\/h1>\n  <\/div>\n<\/div>\n\n\n<section class=\"banner\">\n  <div class=\"container\">\n    <div class=\"banner__item\">\n      <picture class=\"banner__overlay-wrapper\">\n        <source media=\"(max-width: 767px)\" srcset=\"\/wp-content\/themes\/se4\/images\/photos\/about-banner-1-mobile.webp 1x, \/wp-content\/themes\/se4\/images\/photos\/about-banner-1-mobile@2x.webp 2x\" type=\"image\/webp\">\n        <source media=\"(min-width: 768px)\" srcset=\"\/wp-content\/themes\/se4\/images\/photos\/about-banner-1-desktop.webp 1x, \/wp-content\/themes\/se4\/images\/photos\/about-banner-1-desktop@2x.webp 2x\" type=\"image\/webp\">\n        <img decoding=\"async\" class=\"banner__image image-cover\" src=\"\/wp-content\/themes\/se4\/images\/photos\/about-banner-1-desktop.webp\" alt=\"\u041e\u0442\u043a\u0440\u044b\u0442 \u043d\u0430\u0431\u043e\u0440 \u043d\u0430 2026 \u0433\u043e\u0434\" loading=\"eager\" fetchpriority=\"high\" width=\"554\" height=\"530\">\n      <\/picture>\n      <div class=\"banner__content\">\n        <h1 class=\"banner__title\">\n          Universit\u00e9 Setchenov \u2014 l\u00e0 o\u00f9 les traditions et les innovations de l\u2019enseignement m\u00e9dical russe se rencontrent.\n        <\/h1>\n        <p class=\"banner__text\">\n          Notre mission est de former des professionnels capables de fa\u00e7onner l\u2019avenir de la m\u00e9decine en d\u00e9veloppant des approches innovantes pour le traitement et la pr\u00e9vention des maladies.\n        <\/p>\n      <\/div>\n    <\/div>\n  <\/div>\n<\/section>\n\n<section class=\"content-cms\">\n  <div class=\"container\">\n    <div class=\"block\">\n      <h2>\u00c0 propos de l\u2019Universit\u00e9 Setchenov\n      <\/h2>\n      <p>Fond\u00e9e il y a plus de 265 ans, l\u2019Universit\u00e9 Setchenov est le principal centre scientifique et \u00e9ducatif de Russie dans le domaine de la m\u00e9decine et de la sant\u00e9.<\/p>\n<p>\nL\u2019Universit\u00e9 Setchenov est reconnue au niveau international pour ses collaborations avec les meilleures universit\u00e9s et ses positions \u00e9lev\u00e9es dans les classements mondiaux. Aujourd\u2019hui, elle est un centre moderne de la m\u00e9decine du futur, o\u00f9 l\u2019\u00e9ducation, la science et la technologie se r\u00e9unissent pour am\u00e9liorer la vie des personnes.\n\n      <\/p>\n    <\/div>\n    <div class=\"block\">\n      <blockquote>\n        \n          <h4>Infrastructure universitaire<\/h4>\n <p>L\u2019universit\u00e9 dispose de campus modernes, de b\u00e2timents acad\u00e9miques, de centres de recherche et de laboratoires de haute technologie o\u00f9 les \u00e9tudiants acqui\u00e8rent des comp\u00e9tences m\u00e9dicales pratiques. La formation clinique se d\u00e9roule dans des h\u00f4pitaux universitaires affili\u00e9s, garantissant un lien \u00e9troit entre la th\u00e9orie et la pratique.\n        <\/p>\n      <\/blockquote>\n    <\/div>\n    <div class=\"block\">\n<h4>Coop\u00e9ration internationale<\/h4>\n<p>L\u2019Universit\u00e9 Setchenov d\u00e9veloppe activement ses partenariats internationaux gr\u00e2ce aux \u00e9changes acad\u00e9miques, aux programmes de double dipl\u00f4me et aux recherches conjointes avec des universit\u00e9s de premier plan en Europe, en Asie et au Moyen-Orient. Les \u00e9tudiants de Tunisie, d\u2019Alg\u00e9rie et du Maroc ont acc\u00e8s \u00e0 des programmes d\u2019int\u00e9gration et \u00e0 un accompagnement complet \u2014 de leurs premiers jours d\u2019\u00e9tudes jusqu\u2019\u00e0 l\u2019obtention du dipl\u00f4me.\n <\/p>\n   <h4>Corps professoral et qualit\u00e9 de l\u2019enseignement<\/h4>\n <p> Le corps enseignant de l\u2019universit\u00e9 comprend des experts russes et internationaux de premier plan, des professeurs et des m\u00e9decins praticiens. Ils utilisent les m\u00e9thodes les plus r\u00e9centes de l\u2019enseignement m\u00e9dical moderne, aidant les \u00e9tudiants \u00e0 acqu\u00e9rir des connaissances et des comp\u00e9tences recherch\u00e9es dans le monde entier.\n      <\/p>\n     \n    <\/div>\n  <\/div>\n<\/section>\n","protected":false},"excerpt":{"rendered":"<p>Accueil \u00c0 propos de l\u2019universit\u00e9 \u00c0 propos de l\u2019universit\u00e9 Universit\u00e9 Setchenov \u2014 l\u00e0 o\u00f9 les traditions et les innovations de l\u2019enseignement m\u00e9dical russe se rencontrent. Notre mission est de former des professionnels capables de fa\u00e7onner l\u2019avenir de la m\u00e9decine en d\u00e9veloppant des approches innovantes pour le traitement et la pr\u00e9vention des maladies. \u00c0 propos de [&hellip;]<\/p>\n","protected":false},"author":1,"featured_media":0,"parent":0,"menu_order":0,"comment_status":"closed","ping_status":"closed","template":"template-static.php","meta":{"footnotes":""},"class_list":["post-873","page","type-page","status-publish","hentry"],"yoast_head":"<!-- This site is optimized with the Yoast SEO plugin v26.5 - https:\/\/yoast.com\/wordpress\/plugins\/seo\/ -->\n<title>Formation m\u00e9dicale \u00e0 l\u2019Universit\u00e9 Setchenov<\/title>\n<meta name=\"description\" content=\"Formation m\u00e9dicale moderne \u00e0 l\u2019Universit\u00e9 Setchenov : facult\u00e9s, pratique clinique, \u00e9quipements modernes et enseignement en anglais\" \/>\n<meta name=\"robots\" content=\"index, follow, max-snippet:-1, max-image-preview:large, max-video-preview:-1\" \/>\n<link rel=\"canonical\" href=\"https:\/\/study-medicine.ng\/fr\/about\/\" \/>\n<meta property=\"og:locale\" content=\"fr_FR\" \/>\n<meta property=\"og:type\" content=\"article\" \/>\n<meta property=\"og:title\" content=\"Formation m\u00e9dicale \u00e0 l\u2019Universit\u00e9 Setchenov\" \/>\n<meta property=\"og:description\" content=\"Formation m\u00e9dicale moderne \u00e0 l\u2019Universit\u00e9 Setchenov : facult\u00e9s, pratique clinique, \u00e9quipements modernes et enseignement en anglais\" \/>\n<meta property=\"og:url\" content=\"https:\/\/study-medicine.ng\/fr\/about\/\" \/>\n<meta property=\"og:site_name\" content=\"Sechenov University Africa\" \/>\n<meta property=\"article:modified_time\" content=\"2026-03-10T20:57:49+00:00\" \/>\n<meta name=\"twitter:card\" content=\"summary_large_image\" \/>\n<meta name=\"twitter:label1\" content=\"Dur\u00e9e de lecture estim\u00e9e\" \/>\n\t<meta name=\"twitter:data1\" content=\"2 minutes\" \/>\n<script type=\"application\/ld+json\" class=\"yoast-schema-graph\">{\"@context\":\"https:\/\/schema.org\",\"@graph\":[{\"@type\":\"WebPage\",\"@id\":\"https:\/\/study-medicine.ng\/fr\/about\/\",\"url\":\"https:\/\/study-medicine.ng\/fr\/about\/\",\"name\":\"Formation m\u00e9dicale \u00e0 l\u2019Universit\u00e9 Setchenov\",\"isPartOf\":{\"@id\":\"https:\/\/study-medicine.ng\/en\/#website\"},\"datePublished\":\"2025-12-23T10:17:29+00:00\",\"dateModified\":\"2026-03-10T20:57:49+00:00\",\"description\":\"Formation m\u00e9dicale moderne \u00e0 l\u2019Universit\u00e9 Setchenov : facult\u00e9s, pratique clinique, \u00e9quipements modernes et enseignement en anglais\",\"breadcrumb\":{\"@id\":\"https:\/\/study-medicine.ng\/fr\/about\/#breadcrumb\"},\"inLanguage\":\"fr-FR\",\"potentialAction\":[{\"@type\":\"ReadAction\",\"target\":[\"https:\/\/study-medicine.ng\/fr\/about\/\"]}]},{\"@type\":\"BreadcrumbList\",\"@id\":\"https:\/\/study-medicine.ng\/fr\/about\/#breadcrumb\",\"itemListElement\":[{\"@type\":\"ListItem\",\"position\":1,\"name\":\"\u0413\u043b\u0430\u0432\u043d\u0430\u044f \u0441\u0442\u0440\u0430\u043d\u0438\u0446\u0430\",\"item\":\"https:\/\/study-medicine.ng\/fr\/\"},{\"@type\":\"ListItem\",\"position\":2,\"name\":\"\u00c0 propos de l\u2019universit\u00e9\"}]},{\"@type\":\"WebSite\",\"@id\":\"https:\/\/study-medicine.ng\/en\/#website\",\"url\":\"https:\/\/study-medicine.ng\/en\/\",\"name\":\"Sechenov University Africa\",\"description\":\"\",\"potentialAction\":[{\"@type\":\"SearchAction\",\"target\":{\"@type\":\"EntryPoint\",\"urlTemplate\":\"https:\/\/study-medicine.ng\/en\/?s={search_term_string}\"},\"query-input\":{\"@type\":\"PropertyValueSpecification\",\"valueRequired\":true,\"valueName\":\"search_term_string\"}}],\"inLanguage\":\"fr-FR\"}]}<\/script>\n<!-- \/ Yoast SEO plugin. -->","yoast_head_json":{"title":"Formation m\u00e9dicale \u00e0 l\u2019Universit\u00e9 Setchenov","description":"Formation m\u00e9dicale moderne \u00e0 l\u2019Universit\u00e9 Setchenov : facult\u00e9s, pratique clinique, \u00e9quipements modernes et enseignement en anglais","robots":{"index":"index","follow":"follow","max-snippet":"max-snippet:-1","max-image-preview":"max-image-preview:large","max-video-preview":"max-video-preview:-1"},"canonical":"https:\/\/study-medicine.ng\/fr\/about\/","og_locale":"fr_FR","og_type":"article","og_title":"Formation m\u00e9dicale \u00e0 l\u2019Universit\u00e9 Setchenov","og_description":"Formation m\u00e9dicale moderne \u00e0 l\u2019Universit\u00e9 Setchenov : facult\u00e9s, pratique clinique, \u00e9quipements modernes et enseignement en anglais","og_url":"https:\/\/study-medicine.ng\/fr\/about\/","og_site_name":"Sechenov University Africa","article_modified_time":"2026-03-10T20:57:49+00:00","twitter_card":"summary_large_image","twitter_misc":{"Dur\u00e9e de lecture estim\u00e9e":"2 minutes"},"schema":{"@context":"https:\/\/schema.org","@graph":[{"@type":"WebPage","@id":"https:\/\/study-medicine.ng\/fr\/about\/","url":"https:\/\/study-medicine.ng\/fr\/about\/","name":"Formation m\u00e9dicale \u00e0 l\u2019Universit\u00e9 Setchenov","isPartOf":{"@id":"https:\/\/study-medicine.ng\/en\/#website"},"datePublished":"2025-12-23T10:17:29+00:00","dateModified":"2026-03-10T20:57:49+00:00","description":"Formation m\u00e9dicale moderne \u00e0 l\u2019Universit\u00e9 Setchenov : facult\u00e9s, pratique clinique, \u00e9quipements modernes et enseignement en anglais","breadcrumb":{"@id":"https:\/\/study-medicine.ng\/fr\/about\/#breadcrumb"},"inLanguage":"fr-FR","potentialAction":[{"@type":"ReadAction","target":["https:\/\/study-medicine.ng\/fr\/about\/"]}]},{"@type":"BreadcrumbList","@id":"https:\/\/study-medicine.ng\/fr\/about\/#breadcrumb","itemListElement":[{"@type":"ListItem","position":1,"name":"\u0413\u043b\u0430\u0432\u043d\u0430\u044f \u0441\u0442\u0440\u0430\u043d\u0438\u0446\u0430","item":"https:\/\/study-medicine.ng\/fr\/"},{"@type":"ListItem","position":2,"name":"\u00c0 propos de l\u2019universit\u00e9"}]},{"@type":"WebSite","@id":"https:\/\/study-medicine.ng\/en\/#website","url":"https:\/\/study-medicine.ng\/en\/","name":"Sechenov University Africa","description":"","potentialAction":[{"@type":"SearchAction","target":{"@type":"EntryPoint","urlTemplate":"https:\/\/study-medicine.ng\/en\/?s={search_term_string}"},"query-input":{"@type":"PropertyValueSpecification","valueRequired":true,"valueName":"search_term_string"}}],"inLanguage":"fr-FR"}]}},"_links":{"self":[{"href":"https:\/\/study-medicine.ng\/fr\/wp-json\/wp\/v2\/pages\/873","targetHints":{"allow":["GET"]}}],"collection":[{"href":"https:\/\/study-medicine.ng\/fr\/wp-json\/wp\/v2\/pages"}],"about":[{"href":"https:\/\/study-medicine.ng\/fr\/wp-json\/wp\/v2\/types\/page"}],"author":[{"embeddable":true,"href":"https:\/\/study-medicine.ng\/fr\/wp-json\/wp\/v2\/users\/1"}],"replies":[{"embeddable":true,"href":"https:\/\/study-medicine.ng\/fr\/wp-json\/wp\/v2\/comments?post=873"}],"version-history":[{"count":1,"href":"https:\/\/study-medicine.ng\/fr\/wp-json\/wp\/v2\/pages\/873\/revisions"}],"predecessor-version":[{"id":875,"href":"https:\/\/study-medicine.ng\/fr\/wp-json\/wp\/v2\/pages\/873\/revisions\/875"}],"wp:attachment":[{"href":"https:\/\/study-medicine.ng\/fr\/wp-json\/wp\/v2\/media?parent=873"}],"curies":[{"name":"wp","href":"https:\/\/api.w.org\/{rel}","templated":true}]}}