{"id":831,"date":"2025-12-06T08:47:52","date_gmt":"2025-12-06T05:47:52","guid":{"rendered":"https:\/\/study-medicine.ng\/?page_id=831"},"modified":"2026-04-22T11:23:08","modified_gmt":"2026-04-22T08:23:08","slug":"nous-vous-invitons-a-etudier-a-luniversite-setchenov","status":"publish","type":"page","link":"https:\/\/study-medicine.ng\/fr\/","title":{"rendered":"Universit\u00e9 Setchenov Afrique"},"content":{"rendered":"","protected":false},"excerpt":{"rendered":"","protected":false},"author":1,"featured_media":0,"parent":0,"menu_order":0,"comment_status":"closed","ping_status":"closed","template":"template-mainpage.php","meta":{"footnotes":""},"class_list":["post-831","page","type-page","status-publish","hentry"],"yoast_head":"<!-- This site is optimized with the Yoast SEO plugin v26.5 - https:\/\/yoast.com\/wordpress\/plugins\/seo\/ -->\n<title>\u00c9tudier la m\u00e9decine en Russie \u2014 Universit\u00e9 Setchenov<\/title>\n<meta name=\"description\" content=\"\u00c9tudes de m\u00e9decine \u00e0 l\u2019Universit\u00e9 Setchenov pour les \u00e9tudiants de Tunisie, d\u2019Alg\u00e9rie et du Maroc. Programmes en anglais et pratique clinique\" \/>\n<meta name=\"robots\" content=\"index, follow, max-snippet:-1, max-image-preview:large, max-video-preview:-1\" \/>\n<link rel=\"canonical\" href=\"https:\/\/study-medicine.ng\/fr\/\" \/>\n<meta property=\"og:locale\" content=\"fr_FR\" \/>\n<meta property=\"og:type\" content=\"article\" \/>\n<meta property=\"og:title\" content=\"\u00c9tudier la m\u00e9decine en Russie \u2014 Universit\u00e9 Setchenov\" \/>\n<meta property=\"og:description\" content=\"\u00c9tudes de m\u00e9decine \u00e0 l\u2019Universit\u00e9 Setchenov pour les \u00e9tudiants de Tunisie, d\u2019Alg\u00e9rie et du Maroc. Programmes en anglais et pratique clinique\" \/>\n<meta property=\"og:url\" content=\"https:\/\/study-medicine.ng\/fr\/\" \/>\n<meta property=\"og:site_name\" content=\"Sechenov University Africa\" \/>\n<meta property=\"article:modified_time\" content=\"2026-04-22T08:23:08+00:00\" \/>\n<meta name=\"twitter:card\" content=\"summary_large_image\" \/>\n<script type=\"application\/ld+json\" class=\"yoast-schema-graph\">{\"@context\":\"https:\/\/schema.org\",\"@graph\":[{\"@type\":\"WebPage\",\"@id\":\"https:\/\/study-medicine.ng\/fr\/\",\"url\":\"https:\/\/study-medicine.ng\/fr\/\",\"name\":\"\u00c9tudier la m\u00e9decine en Russie \u2014 Universit\u00e9 Setchenov\",\"isPartOf\":{\"@id\":\"https:\/\/study-medicine.ng\/en\/#website\"},\"datePublished\":\"2025-12-06T05:47:52+00:00\",\"dateModified\":\"2026-04-22T08:23:08+00:00\",\"description\":\"\u00c9tudes de m\u00e9decine \u00e0 l\u2019Universit\u00e9 Setchenov pour les \u00e9tudiants de Tunisie, d\u2019Alg\u00e9rie et du Maroc. Programmes en anglais et pratique clinique\",\"breadcrumb\":{\"@id\":\"https:\/\/study-medicine.ng\/fr\/#breadcrumb\"},\"inLanguage\":\"fr-FR\",\"potentialAction\":[{\"@type\":\"ReadAction\",\"target\":[\"https:\/\/study-medicine.ng\/fr\/\"]}]},{\"@type\":\"BreadcrumbList\",\"@id\":\"https:\/\/study-medicine.ng\/fr\/#breadcrumb\",\"itemListElement\":[{\"@type\":\"ListItem\",\"position\":1,\"name\":\"\u0413\u043b\u0430\u0432\u043d\u0430\u044f \u0441\u0442\u0440\u0430\u043d\u0438\u0446\u0430\",\"item\":\"https:\/\/study-medicine.ng\/fr\/\"},{\"@type\":\"ListItem\",\"position\":2,\"name\":\"Universit\u00e9 Setchenov Afrique\"}]},{\"@type\":\"WebSite\",\"@id\":\"https:\/\/study-medicine.ng\/en\/#website\",\"url\":\"https:\/\/study-medicine.ng\/en\/\",\"name\":\"Sechenov University Africa\",\"description\":\"\",\"potentialAction\":[{\"@type\":\"SearchAction\",\"target\":{\"@type\":\"EntryPoint\",\"urlTemplate\":\"https:\/\/study-medicine.ng\/en\/?s={search_term_string}\"},\"query-input\":{\"@type\":\"PropertyValueSpecification\",\"valueRequired\":true,\"valueName\":\"search_term_string\"}}],\"inLanguage\":\"fr-FR\"}]}<\/script>\n<!-- \/ Yoast SEO plugin. -->","yoast_head_json":{"title":"\u00c9tudier la m\u00e9decine en Russie \u2014 Universit\u00e9 Setchenov","description":"\u00c9tudes de m\u00e9decine \u00e0 l\u2019Universit\u00e9 Setchenov pour les \u00e9tudiants de Tunisie, d\u2019Alg\u00e9rie et du Maroc. Programmes en anglais et pratique clinique","robots":{"index":"index","follow":"follow","max-snippet":"max-snippet:-1","max-image-preview":"max-image-preview:large","max-video-preview":"max-video-preview:-1"},"canonical":"https:\/\/study-medicine.ng\/fr\/","og_locale":"fr_FR","og_type":"article","og_title":"\u00c9tudier la m\u00e9decine en Russie \u2014 Universit\u00e9 Setchenov","og_description":"\u00c9tudes de m\u00e9decine \u00e0 l\u2019Universit\u00e9 Setchenov pour les \u00e9tudiants de Tunisie, d\u2019Alg\u00e9rie et du Maroc. Programmes en anglais et pratique clinique","og_url":"https:\/\/study-medicine.ng\/fr\/","og_site_name":"Sechenov University Africa","article_modified_time":"2026-04-22T08:23:08+00:00","twitter_card":"summary_large_image","schema":{"@context":"https:\/\/schema.org","@graph":[{"@type":"WebPage","@id":"https:\/\/study-medicine.ng\/fr\/","url":"https:\/\/study-medicine.ng\/fr\/","name":"\u00c9tudier la m\u00e9decine en Russie \u2014 Universit\u00e9 Setchenov","isPartOf":{"@id":"https:\/\/study-medicine.ng\/en\/#website"},"datePublished":"2025-12-06T05:47:52+00:00","dateModified":"2026-04-22T08:23:08+00:00","description":"\u00c9tudes de m\u00e9decine \u00e0 l\u2019Universit\u00e9 Setchenov pour les \u00e9tudiants de Tunisie, d\u2019Alg\u00e9rie et du Maroc. Programmes en anglais et pratique clinique","breadcrumb":{"@id":"https:\/\/study-medicine.ng\/fr\/#breadcrumb"},"inLanguage":"fr-FR","potentialAction":[{"@type":"ReadAction","target":["https:\/\/study-medicine.ng\/fr\/"]}]},{"@type":"BreadcrumbList","@id":"https:\/\/study-medicine.ng\/fr\/#breadcrumb","itemListElement":[{"@type":"ListItem","position":1,"name":"\u0413\u043b\u0430\u0432\u043d\u0430\u044f \u0441\u0442\u0440\u0430\u043d\u0438\u0446\u0430","item":"https:\/\/study-medicine.ng\/fr\/"},{"@type":"ListItem","position":2,"name":"Universit\u00e9 Setchenov Afrique"}]},{"@type":"WebSite","@id":"https:\/\/study-medicine.ng\/en\/#website","url":"https:\/\/study-medicine.ng\/en\/","name":"Sechenov University Africa","description":"","potentialAction":[{"@type":"SearchAction","target":{"@type":"EntryPoint","urlTemplate":"https:\/\/study-medicine.ng\/en\/?s={search_term_string}"},"query-input":{"@type":"PropertyValueSpecification","valueRequired":true,"valueName":"search_term_string"}}],"inLanguage":"fr-FR"}]}},"_links":{"self":[{"href":"https:\/\/study-medicine.ng\/fr\/wp-json\/wp\/v2\/pages\/831","targetHints":{"allow":["GET"]}}],"collection":[{"href":"https:\/\/study-medicine.ng\/fr\/wp-json\/wp\/v2\/pages"}],"about":[{"href":"https:\/\/study-medicine.ng\/fr\/wp-json\/wp\/v2\/types\/page"}],"author":[{"embeddable":true,"href":"https:\/\/study-medicine.ng\/fr\/wp-json\/wp\/v2\/users\/1"}],"replies":[{"embeddable":true,"href":"https:\/\/study-medicine.ng\/fr\/wp-json\/wp\/v2\/comments?post=831"}],"version-history":[{"count":21,"href":"https:\/\/study-medicine.ng\/fr\/wp-json\/wp\/v2\/pages\/831\/revisions"}],"predecessor-version":[{"id":938,"href":"https:\/\/study-medicine.ng\/fr\/wp-json\/wp\/v2\/pages\/831\/revisions\/938"}],"wp:attachment":[{"href":"https:\/\/study-medicine.ng\/fr\/wp-json\/wp\/v2\/media?parent=831"}],"curies":[{"name":"wp","href":"https:\/\/api.w.org\/{rel}","templated":true}]}}